{"id":9004111222081923,"date":"2024-02-12T11:20:26","date_gmt":"2024-02-12T16:20:26","guid":{"rendered":"https:\/\/dev.devcct.ca\/?page_id=9004111222081923"},"modified":"2025-09-10T14:04:49","modified_gmt":"2025-09-10T18:04:49","slug":"rqt","status":"publish","type":"page","link":"https:\/\/test.devcct.ca\/en\/rqt\/","title":{"rendered":"The RQT"},"content":{"rendered":"<p>[et_pb_section fb_built=&#8221;1&#8243; _builder_version=&#8221;4.27.0&#8243; _module_preset=&#8221;4339b306-3696-4609-bcd4-3ac31f55133c&#8221; background_color=&#8221;#095797&#8243; custom_margin=&#8221;||||false|false&#8221; locked=&#8221;off&#8221; global_colors_info=&#8221;{}&#8221;][et_pb_row column_structure=&#8221;3_4,1_4&#8243; _builder_version=&#8221;4.24.0&#8243; _module_preset=&#8221;20197f48-1e8e-4644-9423-f7edeae40f4e&#8221; custom_padding=&#8221;45px||0px||false|false&#8221; locked=&#8221;off&#8221; global_colors_info=&#8221;{}&#8221;][et_pb_column type=&#8221;3_4&#8243; _builder_version=&#8221;4.16&#8243; _module_preset=&#8221;default&#8221; custom_padding=&#8221;||0px||false|false&#8221; custom_padding_last_edited=&#8221;off|desktop&#8221; global_colors_info=&#8221;{}&#8221;][et_pb_text _builder_version=&#8221;4.27.0&#8243; _module_preset=&#8221;dbb17b3b-deee-4e7d-ad2e-dce4f3f017ac&#8221; global_colors_info=&#8221;{}&#8221;]<\/p>\n<h1 class=\"rqt-color-white\">The RQT<\/h1>\n<p>[\/et_pb_text][et_pb_text _builder_version=&#8221;4.27.4&#8243; _module_preset=&#8221;59593f07-cc54-47f9-96c0-39778ce0fe2f&#8221; custom_padding=&#8221;||||false|false&#8221; global_colors_info=&#8221;{}&#8221;]<\/p>\n<p class=\"rqt-color-white\">The R\u00e9seau qu\u00e9b\u00e9cois de la t\u00e9l\u00e9sant\u00e9 (RQT) was established to provide innovative and optimal solutions in the field of telehealth and care services within the public network.<\/p>\n<p>[\/et_pb_text][\/et_pb_column][et_pb_column type=&#8221;1_4&#8243; _builder_version=&#8221;4.16&#8243; _module_preset=&#8221;default&#8221; global_colors_info=&#8221;{}&#8221;][\/et_pb_column][\/et_pb_row][et_pb_row column_structure=&#8221;1_2,1_2&#8243; _builder_version=&#8221;4.27.4&#8243; _module_preset=&#8221;31724688-fcf5-49af-b7b9-ed2872c8590f&#8221; locked=&#8221;off&#8221; global_colors_info=&#8221;{}&#8221;][et_pb_column type=&#8221;1_2&#8243; _builder_version=&#8221;4.27.4&#8243; _module_preset=&#8221;default&#8221; global_colors_info=&#8221;{}&#8221;][et_pb_code _builder_version=&#8221;4.27.4&#8243; _module_preset=&#8221;default&#8221; global_colors_info=&#8221;{}&#8221;]<form action='https:\/\/test.devcct.ca\/en\/search\/' method='get' class='rqt-search-form'><div class=\"rqt-cf7-form\">\n    <div class=\"rqt-row-form\">\n        <input type=\"text\" class=\"rqt-search-form-input\" \n            aria-label=\"Search\" \n            value=\"\" \n            name=\"q\" \n            placeholder=\"What are you looking for?\">\n        <button type=\"submit\" class=\"rqt-search-form-submit\"\n                aria-label=\"Search\">\n            <span class=\"lif-magnifier\"><\/span>\n        <\/button>\n    <\/div>\n<\/div><\/form>[\/et_pb_code][\/et_pb_column][et_pb_column type=&#8221;1_2&#8243; _builder_version=&#8221;4.27.4&#8243; _module_preset=&#8221;default&#8221; global_colors_info=&#8221;{}&#8221;][\/et_pb_column][\/et_pb_row][\/et_pb_section][et_pb_section fb_built=&#8221;1&#8243; _builder_version=&#8221;4.27.0&#8243; _module_preset=&#8221;9e08aaa7-5240-490e-830a-deb1c3d19b46&#8243; custom_margin=&#8221;0px||17px||false|false&#8221; custom_padding=&#8221;0px||12px||false|false&#8221; locked=&#8221;off&#8221; global_colors_info=&#8221;{}&#8221;][et_pb_row _builder_version=&#8221;4.21.0&#8243; _module_preset=&#8221;31724688-fcf5-49af-b7b9-ed2872c8590f&#8221; custom_margin=&#8221;30px||||false|false&#8221; global_colors_info=&#8221;{}&#8221;][et_pb_column type=&#8221;4_4&#8243; module_class=&#8221;rqt-navigation-column-icon&#8221; _builder_version=&#8221;4.21.0&#8243; _module_preset=&#8221;default&#8221; global_colors_info=&#8221;{}&#8221;][et_pb_code module_class=&#8221;rqt-box-navigation rqt-box-navigation-icon&#8221; _builder_version=&#8221;4.27.2&#8243; _module_preset=&#8221;default&#8221; custom_margin=&#8221;||35px||false|false&#8221; global_colors_info=&#8221;{}&#8221;]<a class=\"rqt-icn-flex\" href=\"\/en\/rqt\/about-rqt\/\"><!-- [et_pb_line_break_holder] --><\/p>\n<div class=\"rqt-nav-icon-content-width-max rqt-nav-icon-content-space\"><img loading=\"lazy\" decoding=\"async\" class=\"rqt-nav-icon-img-height \" src=\"\/wp-content\/themes\/divi-child-cct\/icons\/icon-road-rqt-55x52-le-rqt.svg\" width=\"55\" height=\"40\" alt=\"\" \/><\/div>\n<p><!-- [et_pb_line_break_holder] --><\/p>\n<h2>About the RQT<\/h2>\n<p><\/a><!-- [et_pb_line_break_holder] --><!-- [et_pb_line_break_holder] --><\/p>\n<div class=\"rqt-nav-text\"><!-- [et_pb_line_break_holder] --><!-- [et_pb_line_break_holder] --><pee> Learn more about the mission of the RQT and the stakeholders that have been part of this network since 2019.<\/pee><!-- [et_pb_line_break_holder] --><!-- [et_pb_line_break_holder] --><pee><a class=\"rqt-link rqt-link-item\" href=\"\/en\/rqt\/about-rqt\/mission\/\">Mission, vision and values<\/a><\/pee><!-- [et_pb_line_break_holder] --><!-- [et_pb_line_break_holder] --><pee><a class=\"rqt-link rqt-link-item\" href=\"\/en\/rqt\/about-rqt\/governance\/\">Telehealth governance<\/a><\/pee><!-- [et_pb_line_break_holder] -->  <!-- [et_pb_line_break_holder] --><pee><a class=\"rqt-link rqt-link-more\" href=\"\/en\/rqt\/about-rqt\/\">Show more<\/a><\/pee><!-- [et_pb_line_break_holder] --><!-- [et_pb_line_break_holder] --><\/div>\n<p>[\/et_pb_code][et_pb_code module_class=&#8221;rqt-box-navigation rqt-box-navigation-icon&#8221; _builder_version=&#8221;4.27.2&#8243; _module_preset=&#8221;default&#8221; custom_margin=&#8221;||35px||false|false&#8221; global_colors_info=&#8221;{}&#8221;]<a class=\"rqt-icn-flex\" href=\"\/rqt\/contacter-rqt\/\"><!-- [et_pb_line_break_holder] --><\/p>\n<div class=\"rqt-nav-icon-content-width-max rqt-nav-icon-content-space\"><img loading=\"lazy\" decoding=\"async\" class=\"rqt-nav-icon-img-height \" src=\"\/wp-content\/themes\/divi-child-cct\/icons\/icon-soutien-55x52-patient.svg\" width=\"55\" height=\"40\" alt=\"\" \/><\/div>\n<p><!-- [et_pb_line_break_holder] --><\/p>\n<h2>Contact the RQT (in French only)<\/h2>\n<p><\/a><!-- [et_pb_line_break_holder] --><!-- [et_pb_line_break_holder] --><\/p>\n<div class=\"rqt-nav-text\"><!-- [et_pb_line_break_holder] --><!-- [et_pb_line_break_holder] --><pee>Information and contact details for the various players in the RQT.<\/pee><!-- [et_pb_line_break_holder] --><!-- [et_pb_line_break_holder] --><pee><a class=\"rqt-link rqt-link-more\" href=\"\/rqt\/contacter-rqt\/\">Show more<\/a><\/pee><!-- [et_pb_line_break_holder] --><!-- [et_pb_line_break_holder] --><\/div>\n<p>[\/et_pb_code][et_pb_code module_class=&#8221;rqt-box-navigation rqt-box-navigation-icon&#8221; _builder_version=&#8221;4.27.2&#8243; _module_preset=&#8221;default&#8221; custom_margin=&#8221;||35px||false|false&#8221; global_colors_info=&#8221;{}&#8221;]<a class=\"rqt-icn-flex\" href=\"\/pilote\/communautes-de-pratique\/\"><!-- [et_pb_line_break_holder] --><\/p>\n<div class=\"rqt-nav-icon-content-width-max rqt-nav-icon-content-space\"><img loading=\"lazy\" decoding=\"async\" class=\"rqt-nav-icon-img-height \" src=\"\/wp-content\/themes\/divi-child-cct\/icons\/icon-cdp-55x52-pilote.svg\" width=\"55\" height=\"40\" alt=\"\" \/><\/div>\n<p><!-- [et_pb_line_break_holder] --><\/p>\n<h2>Community of practice (in French only)\u00a0<\/h2>\n<p><\/a><!-- [et_pb_line_break_holder] --><!-- [et_pb_line_break_holder] --><\/p>\n<div class=\"rqt-nav-text\"><!-- [et_pb_line_break_holder] --><!-- [et_pb_line_break_holder] --><pee>Information and access to the RQT community of practice.<\/pee><!-- [et_pb_line_break_holder] --><!-- [et_pb_line_break_holder] --><pee><a class=\"rqt-link rqt-link-more\" href=\"\/pilote\/communautes-de-pratique\/\">Show more<\/a><\/pee><!-- [et_pb_line_break_holder] --><!-- [et_pb_line_break_holder] --><\/div>\n<p>[\/et_pb_code][et_pb_code module_class=&#8221;rqt-box-navigation rqt-box-navigation-icon&#8221; _builder_version=&#8221;4.27.4&#8243; _module_preset=&#8221;default&#8221; custom_margin=&#8221;||35px||false|false&#8221; locked=&#8221;off&#8221; global_colors_info=&#8221;{}&#8221;]<a class=\"rqt-icn-flex\" href=\"\/evenements\/\"><!-- [et_pb_line_break_holder] --><\/p>\n<div class=\"rqt-nav-icon-content-width-max rqt-nav-icon-content-space\"><img loading=\"lazy\" decoding=\"async\" class=\"rqt-nav-icon-img-height \" src=\"\/wp-content\/themes\/divi-child-cct\/icons\/icon-rsvq-55x52-patient.svg\" width=\"55\" height=\"40\" alt=\"\" \/><\/div>\n<p><!-- [et_pb_line_break_holder] --><\/p>\n<h2>Events (in French only)<\/h2>\n<p><\/a><!-- [et_pb_line_break_holder] --><!-- [et_pb_line_break_holder] --><\/p>\n<div class=\"rqt-nav-text\"><!-- [et_pb_line_break_holder] --><!-- [et_pb_line_break_holder] --><pee>Upcoming and past events related to telehealth: webinars, conferences, training sessions, and more.<\/pee><!-- [et_pb_line_break_holder] --><!-- [et_pb_line_break_holder] --><pee><a class=\"rqt-link rqt-link-more\" href=\"\/evenements\/\">Show more<\/a><\/pee><!-- [et_pb_line_break_holder] --><!-- [et_pb_line_break_holder] --><\/div>\n<p>[\/et_pb_code][\/et_pb_column][\/et_pb_row][\/et_pb_section][et_pb_section fb_built=&#8221;1&#8243; module_class=&#8221;rqt-bckg-blue-white rqt-section-banner rqt-section-background&#8221; _builder_version=&#8221;4.27.0&#8243; _module_preset=&#8221;default&#8221; locked=&#8221;off&#8221; global_colors_info=&#8221;{}&#8221;][et_pb_row _builder_version=&#8221;4.27.0&#8243; _module_preset=&#8221;31724688-fcf5-49af-b7b9-ed2872c8590f&#8221; global_colors_info=&#8221;{}&#8221;][et_pb_column type=&#8221;4_4&#8243; _builder_version=&#8221;4.27.0&#8243; _module_preset=&#8221;default&#8221; global_colors_info=&#8221;{}&#8221;][et_pb_text _builder_version=&#8221;4.27.2&#8243; _module_preset=&#8221;dbb17b3b-deee-4e7d-ad2e-dce4f3f017ac&#8221; global_colors_info=&#8221;{}&#8221;]<\/p>\n<h2 class=\"rqt-salmon-line\">You are a telehealth respondent?<\/h2>\n<p>[\/et_pb_text][et_pb_text module_class=&#8221;rqt-global-text rqt-liens-icones&#8221; _builder_version=&#8221;4.27.4&#8243; _module_preset=&#8221;09877fa7-6fd0-49bf-842c-721526d93ff2&#8243; global_colors_info=&#8221;{}&#8221;]<\/p>\n<ul>\n<li><a href=\"\/pilote\/gestion-projet\/\">Find out about telehealth project management (in French only)<\/a><\/li>\n<li><a href=\"\/pilote\/coffre-a-outils-pilote\/\">Access the respondent&#8217;s toolbox (in French only)<\/a><\/li>\n<li><a href=\"\/rqt\/repertoire-services\/\">Explore the telehealth services directory (in French only)<\/a><\/li>\n<li><a href=\"\/rqt\/contacter-rqt\/dds\/\">Submit a telehealth service request (in French only)<\/a><\/li>\n<\/ul>\n<p>[\/et_pb_text][\/et_pb_column][\/et_pb_row][\/et_pb_section]<\/p>\n\t\t\t<div class=\"rqt-editorial-date-row rqt-global-text\">\n\t\t\t\t<p class=\"rqt-editorial-date\">Last update: September 18, 2025 <\/p>\n\n\t\t\t<\/div>\t\t\t\t\n\t\t","protected":false},"excerpt":{"rendered":"<p>The RQTThe R\u00e9seau qu\u00e9b\u00e9cois de la t\u00e9l\u00e9sant\u00e9 (RQT) was established to provide innovative and optimal solutions in the field of telehealth and care services within the public network.<form action='https:\/\/test.devcct.ca\/en\/search\/' method='get' class='rqt-search-form'><div class=\"rqt-cf7-form\">\n    <div class=\"rqt-row-form\">\n        <input type=\"text\" class=\"rqt-search-form-input\" \n            aria-label=\"Search\" \n            value=\"\" \n            name=\"q\" \n            placeholder=\"What are you looking for?\">\n        <button type=\"submit\" class=\"rqt-search-form-submit\"\n                aria-label=\"Search\">\n            <span class=\"lif-magnifier\"><\/span>\n        <\/button>\n    <\/div>\n<\/div><\/form>You are a telehealth respondent? Find out about telehealth project management (in French only) Access the respondent&#8217;s toolbox (in French only) Explore the telehealth services directory (in French [&hellip;]<\/p>\n","protected":false},"author":17,"featured_media":9004111222090795,"parent":0,"menu_order":0,"comment_status":"closed","ping_status":"closed","template":"page-navigation.php","meta":{"_acf_changed":false,"_et_pb_use_builder":"on","_et_pb_old_content":"","_et_gb_content_width":"","footnotes":""},"class_list":["post-9004111222081923","page","type-page","status-publish","has-post-thumbnail","hentry"],"acf":[],"_links":{"self":[{"href":"https:\/\/test.devcct.ca\/en\/wp-json\/wp\/v2\/pages\/9004111222081923","targetHints":{"allow":["GET"]}}],"collection":[{"href":"https:\/\/test.devcct.ca\/en\/wp-json\/wp\/v2\/pages"}],"about":[{"href":"https:\/\/test.devcct.ca\/en\/wp-json\/wp\/v2\/types\/page"}],"author":[{"embeddable":true,"href":"https:\/\/test.devcct.ca\/en\/wp-json\/wp\/v2\/users\/17"}],"replies":[{"embeddable":true,"href":"https:\/\/test.devcct.ca\/en\/wp-json\/wp\/v2\/comments?post=9004111222081923"}],"version-history":[{"count":10,"href":"https:\/\/test.devcct.ca\/en\/wp-json\/wp\/v2\/pages\/9004111222081923\/revisions"}],"predecessor-version":[{"id":9004111222092455,"href":"https:\/\/test.devcct.ca\/en\/wp-json\/wp\/v2\/pages\/9004111222081923\/revisions\/9004111222092455"}],"wp:featuredmedia":[{"embeddable":true,"href":"https:\/\/test.devcct.ca\/en\/wp-json\/wp\/v2\/media\/9004111222090795"}],"wp:attachment":[{"href":"https:\/\/test.devcct.ca\/en\/wp-json\/wp\/v2\/media?parent=9004111222081923"}],"curies":[{"name":"wp","href":"https:\/\/api.w.org\/{rel}","templated":true}]}}