{"id":243513,"date":"2022-09-30T11:28:54","date_gmt":"2022-09-30T15:28:54","guid":{"rendered":"https:\/\/dev.devcct.ca\/?page_id=243513"},"modified":"2025-11-03T19:30:08","modified_gmt":"2025-11-04T00:30:08","slug":"cssns-support","status":"publish","type":"page","link":"https:\/\/test.devcct.ca\/en\/patient\/cssns-support\/","title":{"rendered":"Technical support for patients"},"content":{"rendered":"<p>[et_pb_section fb_built=&#8221;1&#8243; _builder_version=&#8221;4.25.1&#8243; _module_preset=&#8221;4339b306-3696-4609-bcd4-3ac31f55133c&#8221; locked=&#8221;off&#8221; global_colors_info=&#8221;{}&#8221;][et_pb_row column_structure=&#8221;3_4,1_4&#8243; _builder_version=&#8221;4.25.1&#8243; _module_preset=&#8221;20197f48-1e8e-4644-9423-f7edeae40f4e&#8221; locked=&#8221;off&#8221; global_colors_info=&#8221;{}&#8221;][et_pb_column type=&#8221;3_4&#8243; _builder_version=&#8221;4.16&#8243; _module_preset=&#8221;default&#8221; custom_padding=&#8221;||0px||false|false&#8221; custom_padding_last_edited=&#8221;off|desktop&#8221; global_colors_info=&#8221;{}&#8221;][et_pb_text _builder_version=&#8221;4.25.1&#8243; _dynamic_attributes=&#8221;content&#8221; _module_preset=&#8221;dbb17b3b-deee-4e7d-ad2e-dce4f3f017ac&#8221; global_colors_info=&#8221;{}&#8221;]@ET-DC@eyJkeW5hbWljIjp0cnVlLCJjb250ZW50IjoicG9zdF90aXRsZSIsInNldHRpbmdzIjp7ImJlZm9yZSI6IjxoMT4iLCJhZnRlciI6IjwvaDE+In19@[\/et_pb_text][\/et_pb_column][et_pb_column type=&#8221;1_4&#8243; _builder_version=&#8221;4.16&#8243; _module_preset=&#8221;default&#8221; global_colors_info=&#8221;{}&#8221;][\/et_pb_column][\/et_pb_row][\/et_pb_section][et_pb_section fb_built=&#8221;1&#8243; _builder_version=&#8221;4.25.1&#8243; _module_preset=&#8221;522f114e-a718-41c0-bcfa-767bf899b2b7&#8243; custom_margin=&#8221;0px||||false|false&#8221; locked=&#8221;off&#8221; global_colors_info=&#8221;{}&#8221;][et_pb_row column_structure=&#8221;3_4,1_4&#8243; _builder_version=&#8221;4.25.1&#8243; _module_preset=&#8221;31724688-fcf5-49af-b7b9-ed2872c8590f&#8221; global_colors_info=&#8221;{}&#8221;][et_pb_column type=&#8221;3_4&#8243; _builder_version=&#8221;4.16&#8243; _module_preset=&#8221;default&#8221; global_colors_info=&#8221;{}&#8221;][et_pb_text module_class=&#8221;rqt-box-anchors&#8221; _builder_version=&#8221;4.27.4&#8243; _module_preset=&#8221;5941e864-00ab-491f-8f81-2b61f66af1bc&#8221; min_height=&#8221;27px&#8221; locked=&#8221;off&#8221; global_colors_info=&#8221;{}&#8221;]<strong>In this page:<\/strong><\/p>\n<ul class=\"rqt-list-link\">\n<li><a href=\"#services\">Services offered to patients<\/a><\/li>\n<li><a href=\"#virtual-meeting\">Teleconsultation and virtual group: steps to follow before contacting the Support Centre<\/a><\/li>\n<li><a href=\"#how-reach\">How to reach the Support Centre<\/a><\/li>\n<\/ul>\n<p>[\/et_pb_text][et_pb_text _builder_version=&#8221;4.27.4&#8243; _module_preset=&#8221;09877fa7-6fd0-49bf-842c-721526d93ff2&#8243; min_height=&#8221;27px&#8221; global_colors_info=&#8221;{}&#8221;]Support for provincial telehealth activities is provided by the Centre de soutien des services num\u00e9riques en sant\u00e9 (CSSNS).<\/p>\n<h2><a name=\"services\"><\/a>Services offered to patients<\/h2>\n<p>The CSSNS offers technical support and accompaniment to patients in the following situations:<\/p>\n<ul>\n<li>Patients invited to use the <a href=\"https:\/\/test.devcct.ca\/en\/patient\/psv-patient-access\/\">Virtual Care Platform (PSV) Patient Access Portal<\/a>.<\/li>\n<li>Patients who use the <a href=\"https:\/\/test.devcct.ca\/en\/patient\/svmv-en\/\">Telehomecare Monitoring Platform<\/a>.<\/li>\n<li>Patients invited to a teleconsultation or a virtual group with a healthcare professional using the Microsoft Teams application.<\/li>\n<\/ul>\n<p>[\/et_pb_text][et_pb_text module_class=&#8221;rqt-global-text&#8221; _builder_version=&#8221;4.24.2&#8243; _module_preset=&#8221;0f65b5c6-9133-4f6c-a6d1-f9f208d2596f&#8221; custom_margin=&#8221;||0px||false|false&#8221; custom_padding=&#8221;||0px||false|false&#8221; locked=&#8221;off&#8221; global_colors_info=&#8221;{}&#8221;]<\/p>\n<div class=\"rqt-avis-accent rqt-border-color-salmon \"><strong>Notice regarding appointment scheduling<\/strong><br \/>You cannot book a teleconsultation appointment on this site. If you are interested in this service, please speak to your healthcare professional.<\/div>\n<p>[\/et_pb_text][et_pb_text _builder_version=&#8221;4.27.4&#8243; _module_preset=&#8221;793fd15c-96e1-4800-9f0d-9596df48bbe8&#8243; min_height=&#8221;27px&#8221; hover_enabled=&#8221;0&#8243; global_colors_info=&#8221;{}&#8221; sticky_enabled=&#8221;0&#8243;]<\/p>\n<h2><a name=\"virtual-meeting\"><\/a>Teleconsultation and virtual group<\/h2>\n<p>You have a virtual meeting scheduled with a healthcare professional using Microsoft Teams ? <strong>Before contacting the Support Centre<\/strong>, there are resources that can help you in your preparation:<\/p>\n<ol>\n<li>Visit the <a href=\"\/en\/patient\/patient-virtual-meeting\/\">Participate in a teleconsultation as a patient<\/a> page or the <a href=\"\/en\/patient\/virtual-group\/\">Participate in a virtual group as a patient<\/a> page for all the preparatory steps.<\/li>\n<li>Test your internet connection speed, microphone and camera quality with the following module :<\/li>\n<\/ol>\n<p>[\/et_pb_text][et_pb_button button_url=&#8221;@ET-DC@eyJkeW5hbWljIjp0cnVlLCJjb250ZW50IjoicG9zdF9saW5rX3VybF9wYWdlIiwic2V0dGluZ3MiOnsicG9zdF9pZCI6IjI0MDM4NCJ9fQ==@&#8221; button_text=&#8221;Test technological equipment&#8221; _builder_version=&#8221;4.25.1&#8243; _dynamic_attributes=&#8221;button_url&#8221; _module_preset=&#8221;16eb2950-f566-417e-9884-3884fe573bbb&#8221; custom_margin=&#8221;10px||30px|38px|false|false&#8221; custom_css_main_element=&#8221; &#8221; locked=&#8221;off&#8221; global_colors_info=&#8221;{}&#8221; custom_css_main_element__hover=&#8221; &#8220;][\/et_pb_button][et_pb_text _builder_version=&#8221;4.27.4&#8243; _module_preset=&#8221;09877fa7-6fd0-49bf-842c-721526d93ff2&#8243; min_height=&#8221;27px&#8221; global_colors_info=&#8221;{}&#8221;]<\/p>\n<ol start=\"3\">\n<li><strong>If you are using a mobile device<\/strong>, download the Microsoft Teams app. This video shows you how: <a class=\"video_popup\" href=\"https:\/\/vimeo.com\/1108076393\">Download Teams on smartphone or tablet <span class=\"rqt-infofile rqt-nbsp\">(1 min 53 s)<\/span><\/a>. This clip is offered in French with English subtitles.<\/li>\n<li>If you encounter problems or the test results indicate one or more failures, contact the CSSNS for assistance.<\/li>\n<\/ol>\n<h2><a name=\"how-reach\"><\/a>How to reach the CSSNS<\/h2>\n<p>There are two ways to contact the CSSNS:<\/p>\n<p>[\/et_pb_text][et_pb_text _builder_version=&#8221;4.27.0&#8243; _module_preset=&#8221;09877fa7-6fd0-49bf-842c-721526d93ff2&#8243; min_height=&#8221;27px&#8221; global_colors_info=&#8221;{}&#8221;]<\/p>\n<h3 class=\"rqt-border-line-title\">By telephone<\/h3>\n<ul class=\"rqt-lip-ul rqt-lip-li-logo-medium\">\n<li class=\"rqt-lip-li-logo-medium lip-li lil-clock\"><span class=\"rqt-text-moyen\">Monday to Friday, 7 a.m. to 6 p.m.<\/span><\/li>\n<li class=\"rqt-lip-li-logo-medium lip-li lil-telephone\"><span class=\"rqt-text-moyen\"><a href=\"tel:1 833 564-0404\">1 833 564-0404<\/a> (toll free in Quebec)<\/span><\/li>\n<\/ul>\n<h3 class=\"rqt-border-line-title\">By telephone appointment<\/h3>\n<p>Would you like to receive a call from a technician at a convenient time? Book a phone appointment using this link:<\/p>\n<ul class=\"rqt-lip-ul rqt-lip-li-logo-medium\">\n<li class=\"rqt-lip-li-logo-medium lip-li lil-calendar-insert\"><a href=\"https:\/\/test.devcct.ca\/en\/patient\/cssns-support\/bookings\/\"><strong><span class=\"rqt-text-moyen\">Book a telephone appointment with a technician <\/span><\/strong><\/a><\/li>\n<\/ul>\n<p>[\/et_pb_text][et_pb_text module_class=&#8221;rqt-global-text rqt-bckg-blue&#8221; _builder_version=&#8221;4.25.1&#8243; _module_preset=&#8221;09877fa7-6fd0-49bf-842c-721526d93ff2&#8243; min_height=&#8221;27px&#8221; global_colors_info=&#8221;{}&#8221;]<\/p>\n<p><strong>Note that you will not be offered a telehealth appointment with a health professional.\u00a0<\/strong><br \/>To obtain health advice, consult a doctor or contact the Info-Sant\u00e9 811 line.<\/p>\n<p>[\/et_pb_text][\/et_pb_column][et_pb_column type=&#8221;1_4&#8243; _builder_version=&#8221;4.16&#8243; _module_preset=&#8221;default&#8221; global_colors_info=&#8221;{}&#8221;][\/et_pb_column][\/et_pb_row][\/et_pb_section]<\/p>\n\t\t\t<div class=\"rqt-editorial-date-row rqt-global-text\">\n\t\t\t\t<p class=\"rqt-editorial-date\">Last update: November 13, 2025 <\/p>\n\n\t\t\t<\/div>\t\t\t\t\n\t\t","protected":false},"excerpt":{"rendered":"<p>In this page: Services offered to patients Teleconsultation and virtual group: steps to follow before contacting the Support Centre How to reach the Support Centre Support for provincial telehealth activities is provided by the Centre de soutien des services num\u00e9riques en sant\u00e9 (CSSNS). Services offered to patients The CSSNS offers technical support and accompaniment to [&hellip;]<\/p>\n","protected":false},"author":13,"featured_media":0,"parent":9574,"menu_order":0,"comment_status":"closed","ping_status":"closed","template":"","meta":{"_acf_changed":false,"_et_pb_use_builder":"on","_et_pb_old_content":"<p>[et_pb_section fb_built=\"1\" _builder_version=\"4.16\" _module_preset=\"7bb246fb-282f-44fe-8a56-60491b3bc13b\" locked=\"off\" global_colors_info=\"{}\"][et_pb_row column_structure=\"2_3,1_3\" _builder_version=\"4.16\" _module_preset=\"fe49dabb-855d-41bb-ab29-159e87ba1d20\" custom_margin_tablet=\"0px||0px||false|false\" custom_margin_phone=\"0px||0px||false|false\" locked=\"off\" global_colors_info=\"{}\"][et_pb_column type=\"2_3\" _builder_version=\"4.16\" _module_preset=\"default\" custom_padding=\"||0px||false|false\" custom_padding_last_edited=\"off|desktop\" global_colors_info=\"{}\"][et_pb_text _builder_version=\"4.16\" _dynamic_attributes=\"content\" _module_preset=\"51a6f0c4-7772-4b6e-b6c8-ac37755f0aba\" global_colors_info=\"{}\"]@ET-DC@eyJkeW5hbWljIjp0cnVlLCJjb250ZW50IjoicG9zdF90aXRsZSIsInNldHRpbmdzIjp7ImJlZm9yZSI6IjxoMT4iLCJhZnRlciI6IjwvaDE+In19@[\/et_pb_text][\/et_pb_column][et_pb_column type=\"1_3\" _builder_version=\"4.16\" _module_preset=\"default\" global_colors_info=\"{}\"][\/et_pb_column][\/et_pb_row][\/et_pb_section][et_pb_section fb_built=\"1\" _builder_version=\"4.18.0\" _module_preset=\"96a73d62-2aa9-4bd1-874c-fcad7a788a38\" custom_margin=\"0px||||false|false\" locked=\"off\" global_colors_info=\"{}\"][et_pb_row column_structure=\"2_3,1_3\" _builder_version=\"4.18.0\" _module_preset=\"0c68bc89-5160-449d-8862-d750703d803e\" global_colors_info=\"{}\"][et_pb_column type=\"2_3\" _builder_version=\"4.16\" _module_preset=\"default\" global_colors_info=\"{}\"][et_pb_text module_class=\"rqt-box-anchors\" _builder_version=\"4.18.0\" _module_preset=\"5941e864-00ab-491f-8f81-2b61f66af1bc\" min_height=\"27px\" locked=\"off\" global_colors_info=\"{}\"]<\/p><p>Dans cette page :<\/p><ul class=\"rqt-list-link\"><li><a href=\"#services\">Services offerts aux patients<\/a><\/li><li><a href=\"#teleconsultation\">T\u00e9l\u00e9consultation: \u00e9tapes \u00e0 suivre avant de contacter le CSSNS<\/a><\/li><li><a href=\"#coordonnees\">Coordonn\u00e9es<\/a><\/li><\/ul><p>[\/et_pb_text][et_pb_text _builder_version=\"4.18.0\" _module_preset=\"793fd15c-96e1-4800-9f0d-9596df48bbe8\" min_height=\"27px\" global_colors_info=\"{}\"]Le soutien pour les activit\u00e9s provinciales en t\u00e9l\u00e9sant\u00e9 est assur\u00e9 par le Centre de soutien des services num\u00e9riques en sant\u00e9 (CSSNS).<\/p><h2><a name=\"services\"><\/a>Services offerts aux patients<\/h2><p>L'offre de service de soutien est en cours d\u2019\u00e9volution. \u00c0 l'heure actuelle, le CSSNS offre du soutien technologique et de l'accompagnement aux patients pour les services suivants:<\/p><ul><li>Accompagnement et soutien technologique aux patients utilisateurs de la <a href=\"\/patient\/plateforme-svmv\/\">Plateforme de suivis virtuels en milieu de vie (SVMV)<\/a>.<\/li><li>Soutien technologique aux patients ayant une rencontre m\u00e9dicale virtuelle planifi\u00e9e avec l'application Microsoft Teams.<\/li><\/ul><p>[\/et_pb_text][et_pb_blurb title=\"Avis concernant la prise de rendez-vous\u202f\u202f\" image=\"https:\/\/test.devcct.ca\/wp-content\/uploads\/2021\/03\/Img_Icone_AvisAvertissement.png\" alt=\"Avertissement important\" _builder_version=\"4.18.0\" _module_preset=\"ae4b265f-5b4e-49c0-bd91-30af83ac9afd\" hover_enabled=\"0\" locked=\"off\" global_colors_info=\"{}\" custom_margin=\"||||false|false\" sticky_enabled=\"0\"]<\/p><p><span class=\"NormalTextRun SCXW60670022 BCX0\" data-ccp-charstyle=\"normaltextrun\">Vous ne pouvez pas prendre rendez-vous avec un m\u00e9decin ou un professionnel de la sant\u00e9 sur cette page.<\/span><span class=\"NormalTextRun SCXW60670022 BCX0\" data-ccp-charstyle=\"normaltextrun\"> A<\/span><span class=\"NormalTextRun SCXW60670022 BCX0\" data-ccp-charstyle=\"normaltextrun\">ucun<\/span><span class=\"NormalTextRun SCXW60670022 BCX0\" data-ccp-charstyle=\"normaltextrun\"> conseil m\u00e9dical ne pourra vous \u00eatre donn\u00e9.<\/span><span class=\"NormalTextRun SCXW60670022 BCX0\" data-ccp-charstyle=\"normaltextrun\">\u00a0<\/span><\/p><p>[\/et_pb_blurb][et_pb_text _builder_version=\"4.18.0\" _module_preset=\"793fd15c-96e1-4800-9f0d-9596df48bbe8\" min_height=\"27px\" hover_enabled=\"0\" global_colors_info=\"{}\" sticky_enabled=\"0\"]<\/p><p><a name=\"teleconsultation\"><\/a><\/p><h2>T\u00e9l\u00e9consultation<\/h2><p>Vous avez une rencontre virtuelle planifi\u00e9e avec un professionnel de la sant\u00e9 utilisant l\u2019application Microsoft Teams? <strong>Avant de contacter le centre de soutien<\/strong>, il existe plusieurs ressources pouvant vous soutenir dans votre pr\u00e9paration:<\/p><ol><li>Consultez d'abord les guides d'accompagnement disponibles dans la page <a href=\"\/patient\/patient-rencontre-virtuelle\/\">Participer \u00e0 une rencontre virtuelle planifi\u00e9e<\/a><\/li><li>Testez votre vitesse de connexion internet, la qualit\u00e9 de votre micro et de votre cam\u00e9ra avec le module suivant:<\/li><\/ol><p>[\/et_pb_text][et_pb_button button_url=\"@ET-DC@eyJkeW5hbWljIjp0cnVlLCJjb250ZW50IjoicG9zdF9saW5rX3VybF9wYWdlIiwic2V0dGluZ3MiOnsicG9zdF9pZCI6IjI0MDM4NCJ9fQ==@\" button_text=\"Tester l\u2019\u00e9quipement technologique\" _builder_version=\"4.18.0\" _dynamic_attributes=\"button_url\" _module_preset=\"01b5a803-45df-460c-b998-97a3ddb08707\" hover_enabled=\"0\" custom_css_main_element=\" \" locked=\"off\" global_colors_info=\"{}\" custom_css_main_element__hover=\" \" sticky_enabled=\"0\" custom_margin=\"10px||30px|38px|false|false\"][\/et_pb_button][et_pb_text _builder_version=\"4.18.0\" _module_preset=\"793fd15c-96e1-4800-9f0d-9596df48bbe8\" min_height=\"27px\" hover_enabled=\"0\" global_colors_info=\"{}\" sticky_enabled=\"0\"]<\/p><ol start=\"3\"><li>Si vous rencontrez des probl\u00e8mes ou que les r\u00e9sultats du test de votre \u00e9quipement technologique indiquent un ou des \u00e9checs, contactez le CSSNS ou le centre de soutien de votre \u00e9tablissement (si applicable) pour obtenir de l\u2019assistance.<\/li><\/ol><p><a name=\"coordonnees\"><\/a><\/p><h2>Coordonn\u00e9es<\/h2><p>Il existe plusieurs moyens de contacter le CSSNS:<\/p><p>[\/et_pb_text][et_pb_text module_class=\"rqt-global-text rqt-bckg-blue\" _builder_version=\"4.18.0\" _module_preset=\"793fd15c-96e1-4800-9f0d-9596df48bbe8\" min_height=\"27px\" hover_enabled=\"0\" global_colors_info=\"{}\" sticky_enabled=\"0\"]<\/p><p><strong>Notez qu\u2019aucun conseil ou rendez-vous m\u00e9dical ne pourra vous \u00eatre donn\u00e9.<\/strong>\u202fPour obtenir un avis ou un conseil m\u00e9dical, consultez un m\u00e9decin ou contactez la ligne <span class=\"rqt-nbsp\">Info-Sant\u00e9<\/span> 811.<\/p><p>[\/et_pb_text][et_pb_text _builder_version=\"4.18.0\" _module_preset=\"793fd15c-96e1-4800-9f0d-9596df48bbe8\" min_height=\"27px\" hover_enabled=\"0\" global_colors_info=\"{}\" sticky_enabled=\"0\"]<\/p><h3 class=\"rqt-border-line-title\">Par t\u00e9l\u00e9phone<\/h3><ul class=\"rqt-lip-ul rqt-lip-li-logo-medium\"><li class=\"rqt-lip-li-logo-medium lip-li lil-clock\"><span class=\"rqt-list-icon-text\"><span class=\"TextRun SCXW196499809 BCX0\" lang=\"FR-CA\" xml:lang=\"FR-CA\" data-contrast=\"auto\"><span class=\"NormalTextRun SCXW196499809 BCX0\">Du lundi au vendredi, de 7\u00a0h\u00a000 \u00e0 18\u00a0h\u00a000<\/span><\/span><\/span><\/li><li class=\"rqt-lip-li-logo-medium lip-li lil-telephone\"><span class=\"rqt-list-icon-text\"><a href=\"tel:1 833 564-0404\">1 833 564-0404<\/a> (sans frais au Qu\u00e9bec)<\/span><\/li><\/ul><h3 class=\"rqt-border-line-title\">Par courriel<\/h3><ul class=\"rqt-lip-ul rqt-lip-li-logo-medium\"><li class=\"rqt-lip-li-logo-medium lip-li lil-at-sign\"><a href=\"mailto:soutienrqt@ssss.gouv.qc.ca\">soutienrqt@ssss.gouv.qc.ca<\/a><\/li><\/ul><p>Dans votre courriel, <strong>assurez-vous de sp\u00e9cifier :<\/strong><\/p><ul><li>Votre nom et les coordonn\u00e9es pour vous rejoindre;<\/li><li>La plateforme ou le service pour lequel vous avez besoin de soutien;<\/li><li>Votre statut d\u2019utilisateur (patient ou proche aidant);<\/li><li>Le nom de votre professionnel de la sant\u00e9, la date et l'heure de votre rendez-vous;<\/li><li>Le motif de votre demande.<\/li><\/ul><h3 class=\"rqt-border-line-title\">Par rendez-vous<\/h3><p>Vous pr\u00e9f\u00e9rez recevoir un appel d\u2019un technicien \u00e0 un moment opportun?\u00a0 Prenez un rendez-vous t\u00e9l\u00e9phonique \u00e0 partir du lien ci-bas.<\/p><ul class=\"rqt-lip-ul rqt-lip-li-logo-medium\"><li class=\"rqt-lip-li-logo-medium lip-li lil-calendar-insert\"><a href=\"\/patient\/CSSNS-soutien\/rdv-bookings\"><strong><span class=\"rqt-list-icon-text\">Prendre rendez-vous en ligne avec un technicien<\/span><\/strong><\/a><\/li><\/ul><p>[\/et_pb_text][et_pb_text module_class=\"rqt-global-text rqt-bckg-blue\" _builder_version=\"4.18.0\" _module_preset=\"793fd15c-96e1-4800-9f0d-9596df48bbe8\" min_height=\"27px\" global_colors_info=\"{}\"]<\/p><p><strong>Notez qu\u2019aucun rendez-vous en t\u00e9l\u00e9sant\u00e9 ou avec un m\u00e9decin ne vous sera offert.\u00a0<\/strong><br \/>Pour obtenir un avis ou un conseil m\u00e9dical, consultez un m\u00e9decin ou contactez la ligne Info-Sant\u00e9 811.\u00a0<\/p><p>[\/et_pb_text][\/et_pb_column][et_pb_column type=\"1_3\" _builder_version=\"4.16\" _module_preset=\"default\" global_colors_info=\"{}\"][\/et_pb_column][\/et_pb_row][\/et_pb_section][et_pb_section fb_built=\"1\" module_class=\"rqt-section-footer-menu\" _builder_version=\"4.17.4\" _module_preset=\"7bb246fb-282f-44fe-8a56-60491b3bc13b\" background_color=\"#223654\" custom_padding=\"||||false|false\" global_colors_info=\"{}\"][et_pb_row _builder_version=\"4.17.4\" _module_preset=\"0b45cf32-fb12-4085-8282-2dbbee332f45\" custom_padding=\"0px||0px||false|false\" global_colors_info=\"{}\"][et_pb_column type=\"4_4\" _builder_version=\"4.17.4\" _module_preset=\"default\" global_colors_info=\"{}\"][et_pb_text module_class=\"rqt-footer\" _builder_version=\"4.17.4\" _module_preset=\"5941e864-00ab-491f-8f81-2b61f66af1bc\" min_height=\"88.8px\" custom_margin=\"||0px||false|false\" custom_padding=\"1px||0px||false|false\" global_colors_info=\"{}\"]<\/p><h2>R\u00e9seau qu\u00e9b\u00e9cois de la t\u00e9l\u00e9sant\u00e9<\/h2><p>[\/et_pb_text][\/et_pb_column][\/et_pb_row][et_pb_row column_structure=\"1_3,1_3,1_3\" _builder_version=\"4.17.4\" _module_preset=\"0c68bc89-5160-449d-8862-d750703d803e\" border_color_all=\"#ffffff\" global_colors_info=\"{}\"][et_pb_column type=\"1_3\" _builder_version=\"4.16\" _module_preset=\"default\" global_colors_info=\"{}\"][et_pb_text module_class=\"rqt-footer\" _builder_version=\"4.17.4\" _module_preset=\"5941e864-00ab-491f-8f81-2b61f66af1bc\" locked=\"off\" global_colors_info=\"{}\"]<\/p><h3><a href=\"\/a-propos-rqt\/\">\u00c0 propos du RQT<\/a><\/h3><h3><a href=\"\/actualites\">Actualit\u00e9s<\/a><\/h3><h3><a href=\"https:\/\/www.quebec.ca\/sante\/systeme-et-services-de-sante\/telesante\/\" target=\"_blank\" rel=\"noopener\">Description de la t\u00e9l\u00e9sant\u00e9<\/a><\/h3><p>[\/et_pb_text][\/et_pb_column][et_pb_column type=\"1_3\" _builder_version=\"4.16\" _module_preset=\"default\" global_colors_info=\"{}\"][et_pb_text module_class=\"rqt-footer\" _builder_version=\"4.17.4\" _module_preset=\"5941e864-00ab-491f-8f81-2b61f66af1bc\" locked=\"off\" global_colors_info=\"{}\"]<\/p><h3><a href=\"\/patient\/\">Ressources pour le patient et sa famille<\/a><\/h3><h3><a href=\"\/professionnel\/\">Ressources pour le professionnel de la sant\u00e9<\/a><\/h3><h3><a href=\"\/pilote\/\">Ressources pour le pilote en t\u00e9l\u00e9sant\u00e9<\/a><\/h3><p>[\/et_pb_text][\/et_pb_column][et_pb_column type=\"1_3\" _builder_version=\"4.16\" _module_preset=\"default\" global_colors_info=\"{}\"][et_pb_text module_class=\"rqt-footer\" _builder_version=\"4.17.4\" _module_preset=\"5941e864-00ab-491f-8f81-2b61f66af1bc\" locked=\"off\" global_colors_info=\"{}\"]<\/p><h3><a href=\"\/contacter-rqt\/nous-joindre\/\">Nous joindre<\/a><\/h3><ul class=\"rqt-list-custom\"><li><a href=\"\/contacter-rqt\/dds\/\">Demande\u202fde service en t\u00e9l\u00e9sant\u00e9<\/a><\/li><li><a href=\"\/contacter-rqt\/trouver-cct\/\">Trouver le centre de coordination en t\u00e9l\u00e9sant\u00e9 associ\u00e9 \u00e0 un \u00e9tablissement<\/a><\/li><li><a href=\"\/contacter-rqt\/trouver-repondant\/\">Contacter un r\u00e9pondant en t\u00e9l\u00e9sant\u00e9 d\u2019un \u00e9tablissement<\/a><\/li><li><a href=\"\/professionnel\/cssns\/\">Centre de soutien des services num\u00e9riques en sant\u00e9 (CSSNS)<\/a><\/li><\/ul><p>[\/et_pb_text][\/et_pb_column][\/et_pb_row][\/et_pb_section][et_pb_section fb_built=\"1\" _builder_version=\"4.16\" _module_preset=\"b65b0c1a-57d6-42b3-a9f5-8799474f56c0\" min_height=\"190px\" height=\"163px\" custom_padding=\"5px||5px|||\" global_colors_info=\"{}\"][et_pb_row _builder_version=\"4.16\" _module_preset=\"0b45cf32-fb12-4085-8282-2dbbee332f45\" custom_padding=\"||16px|||\" global_colors_info=\"{}\"][et_pb_column type=\"4_4\" _builder_version=\"4.16\" _module_preset=\"default\" global_colors_info=\"{}\"][et_pb_menu menu_id=\"42\" module_class=\"rqt-menu-horizontal rqt-blue-link\" _builder_version=\"4.16\" _module_preset=\"default\" global_colors_info=\"{}\"][\/et_pb_menu][et_pb_text _builder_version=\"4.18.0\" _module_preset=\"5941e864-00ab-491f-8f81-2b61f66af1bc\" global_colors_info=\"{}\"]<a href=\"https:\/\/www.msss.gouv.qc.ca\/\" target=\"_blank\" rel=\"noopener noreferrer\"><img class=\"rqt-logo-ssss\" src=\"\/wp-content\/themes\/divi-child-cct\/images\/logo-sante-services-sociaux-108x31.png\" alt=\"Minist\u00e8re de la Sant\u00e9 et des Services sociaux\" \/><\/a><\/p><p class=\"rqt-blue-link\"><a class=\"link\" href=\"https:\/\/www.quebec.ca\/droit-auteur\" target=\"_blank\" rel=\"noopener noreferrer\">\u00a9 Gouvernement du Qu\u00e9bec,\u00a02022<\/a><\/p><p>[\/et_pb_text][\/et_pb_column][\/et_pb_row][\/et_pb_section]<\/p>","_et_gb_content_width":"","footnotes":""},"class_list":["post-243513","page","type-page","status-publish","hentry"],"acf":[],"_links":{"self":[{"href":"https:\/\/test.devcct.ca\/en\/wp-json\/wp\/v2\/pages\/243513","targetHints":{"allow":["GET"]}}],"collection":[{"href":"https:\/\/test.devcct.ca\/en\/wp-json\/wp\/v2\/pages"}],"about":[{"href":"https:\/\/test.devcct.ca\/en\/wp-json\/wp\/v2\/types\/page"}],"author":[{"embeddable":true,"href":"https:\/\/test.devcct.ca\/en\/wp-json\/wp\/v2\/users\/13"}],"replies":[{"embeddable":true,"href":"https:\/\/test.devcct.ca\/en\/wp-json\/wp\/v2\/comments?post=243513"}],"version-history":[{"count":10,"href":"https:\/\/test.devcct.ca\/en\/wp-json\/wp\/v2\/pages\/243513\/revisions"}],"predecessor-version":[{"id":9004111222093820,"href":"https:\/\/test.devcct.ca\/en\/wp-json\/wp\/v2\/pages\/243513\/revisions\/9004111222093820"}],"up":[{"embeddable":true,"href":"https:\/\/test.devcct.ca\/en\/wp-json\/wp\/v2\/pages\/9574"}],"wp:attachment":[{"href":"https:\/\/test.devcct.ca\/en\/wp-json\/wp\/v2\/media?parent=243513"}],"curies":[{"name":"wp","href":"https:\/\/api.w.org\/{rel}","templated":true}]}}