{"id":241140,"date":"2022-03-04T20:41:44","date_gmt":"2022-03-04T20:41:44","guid":{"rendered":"https:\/\/dev.devcct.ca\/accessibilite\/"},"modified":"2024-12-11T14:26:06","modified_gmt":"2024-12-11T19:26:06","slug":"accessibility","status":"publish","type":"page","link":"https:\/\/test.devcct.ca\/en\/accessibility\/","title":{"rendered":"Accessibility"},"content":{"rendered":"<p>[et_pb_section fb_built=&#8221;1&#8243; _builder_version=&#8221;4.16&#8243; _module_preset=&#8221;4339b306-3696-4609-bcd4-3ac31f55133c&#8221; locked=&#8221;off&#8221; global_colors_info=&#8221;{}&#8221;][et_pb_row column_structure=&#8221;3_4,1_4&#8243; _builder_version=&#8221;4.24.0&#8243; _module_preset=&#8221;20197f48-1e8e-4644-9423-f7edeae40f4e&#8221; locked=&#8221;off&#8221; global_colors_info=&#8221;{}&#8221;][et_pb_column type=&#8221;3_4&#8243; _builder_version=&#8221;4.16&#8243; _module_preset=&#8221;default&#8221; custom_padding=&#8221;||0px||false|false&#8221; custom_padding_last_edited=&#8221;off|desktop&#8221; global_colors_info=&#8221;{}&#8221;][et_pb_text _builder_version=&#8221;4.16&#8243; _dynamic_attributes=&#8221;content&#8221; _module_preset=&#8221;dbb17b3b-deee-4e7d-ad2e-dce4f3f017ac&#8221; global_colors_info=&#8221;{}&#8221;]@ET-DC@eyJkeW5hbWljIjp0cnVlLCJjb250ZW50IjoicG9zdF90aXRsZSIsInNldHRpbmdzIjp7ImJlZm9yZSI6IjxoMT4iLCJhZnRlciI6IjwvaDE+In19@[\/et_pb_text][\/et_pb_column][et_pb_column type=&#8221;1_4&#8243; _builder_version=&#8221;4.16&#8243; _module_preset=&#8221;default&#8221; global_colors_info=&#8221;{}&#8221;][\/et_pb_column][\/et_pb_row][\/et_pb_section][et_pb_section fb_built=&#8221;1&#8243; _builder_version=&#8221;4.16&#8243; _module_preset=&#8221;9e08aaa7-5240-490e-830a-deb1c3d19b46&#8243; custom_margin=&#8221;0px||||false|false&#8221; locked=&#8221;off&#8221; global_colors_info=&#8221;{}&#8221;][et_pb_row column_structure=&#8221;3_4,1_4&#8243; _builder_version=&#8221;4.24.0&#8243; _module_preset=&#8221;31724688-fcf5-49af-b7b9-ed2872c8590f&#8221; global_colors_info=&#8221;{}&#8221;][et_pb_column type=&#8221;3_4&#8243; _builder_version=&#8221;4.16&#8243; _module_preset=&#8221;default&#8221; global_colors_info=&#8221;{}&#8221;][et_pb_text _builder_version=&#8221;4.27.0&#8243; _module_preset=&#8221;09877fa7-6fd0-49bf-842c-721526d93ff2&#8243; min_height=&#8221;27px&#8221; global_colors_info=&#8221;{}&#8221;]The R\u00e9seau qu\u00e9b\u00e9cois de la t\u00e9l\u00e9sant\u00e9 is committed to ensuring the accessibility of its website. Work has been done over the past year to meet the <a href=\"https:\/\/cdn-contenu.quebec.ca\/cdn-contenu\/adm\/min\/cybersecurite_numerique\/Standard_sur_l_accessibilite\/standard-access-web.pdf\">Standards sur l\u2019accessibilit\u00e9 des sites Web du gouvernement du Qu\u00e9bec <span class=\"rqt-nbsp\"><span class=\"rqt-infofile\">(PDF 142 Ko)<\/span><img loading=\"lazy\" decoding=\"async\" class=\"rqt-external-link-img\" alt=\"Open an external link\" src=\"\/wp-content\/themes\/divi-child-cct\/icons\/lien-externe.svg\" width=\"12\" height=\"12\" \/><\/span><\/a> (in French only) and more work is underway.<\/p>\n<h2>Validation tools<\/h2>\n<p>The R\u00e9seau qu\u00e9b\u00e9cois de la t\u00e9l\u00e9sant\u00e9 conducts accessibility tests using the following tools:<\/p>\n<h3>Navigator<\/h3>\n<ul>\n<li>Chrome<\/li>\n<\/ul>\n<h3>Complementary tools<\/h3>\n<ul>\n<li>WAVE<\/li>\n<li>Web Developer<\/li>\n<li>WCAG Contrast checker<\/li>\n<\/ul>\n<h2>Description of icons<\/h2>\n<p>Below is a list of the icons found on our website to facilitate navigation.<\/p>\n<div class=\"rqt-containter-icon-list\">\n<div class=\"rqt-grid-container rqt-grid-continer-40\">\n<div class=\"rqt-icon-bold lif-\" style=\"font-family: Linearicons;\">magnifier<\/div>\n<p>Research<\/p>\n<\/div>\n<div class=\"rqt-grid-container rqt-grid-continer-40\">\n<div class=\"lif-\" style=\"font-family: Linearicons;\">plus<\/div>\n<p>Open panel<\/p>\n<\/div>\n<div class=\"rqt-grid-container rqt-grid-continer-40\">\n<div class=\"lif-\" style=\"font-family: Linearicons;\">minus<\/div>\n<p>Close panel<\/p>\n<\/div>\n<div class=\"rqt-grid-container rqt-grid-continer-40\">\n<div><span class=\"rqt-icon-arrow-link\"><\/span><\/div>\n<p>Follow the link<\/p>\n<\/div>\n<div class=\"rqt-grid-container rqt-grid-continer-40\">\n<div><span class=\"rqt-icon-arrow-link-orange\"><\/span><\/div>\n<p>Follow the link<\/p>\n<\/div>\n<div class=\"rqt-grid-container rqt-grid-continer-40\">\n<div><span class=\"rqt-icon-external-10\"><\/span><\/div>\n<p>Open an external link<\/p>\n<\/div>\n<div class=\"rqt-grid-container rqt-grid-continer-40\">\n<div class=\"lif-\" style=\"font-family: Linearicons;\">map-marker<\/div>\n<p>Point of service<\/p>\n<\/div>\n<div class=\"rqt-grid-container rqt-grid-continer-40\">\n<div class=\"lif-\" style=\"font-family: Linearicons;\">clock3<\/div>\n<p>Opening hours<\/p>\n<\/div>\n<div class=\"rqt-grid-container rqt-grid-continer-40\">\n<div class=\"lif-\" style=\"font-family: Linearicons;\">telephone<\/div>\n<p>Telephone number<\/p>\n<\/div>\n<div class=\"rqt-grid-container rqt-grid-continer-40\">\n<div class=\"lif-\" style=\"font-family: Linearicons;\">calendar-empty<\/div>\n<p>Dates or business days<\/p>\n<\/div>\n<div class=\"rqt-grid-container rqt-grid-continer-40\">\n<div class=\"lif-\" style=\"font-family: Linearicons;\">envelope<\/div>\n<p>Email address<\/p>\n<\/div>\n<div class=\"rqt-grid-container rqt-grid-continer-40\">\n<div class=\"lif-\" style=\"font-family: Linearicons;\">window<\/div>\n<p>Website<\/p>\n<\/div>\n<div class=\"rqt-grid-container rqt-grid-continer-40\">\n<div class=\"lif-\" style=\"font-family: Linearicons;\">printer<\/div>\n<p>Fax number<\/p>\n<\/div>\n<div class=\"rqt-grid-container rqt-grid-continer-40\">\n<div class=\"lif-\" style=\"font-family: Linearicons;\">calendar-insert<\/div>\n<p>Make an appointment<\/p>\n<\/div>\n<div class=\"rqt-grid-container rqt-grid-continer-40\">\n<div class=\"lif-\" style=\"font-family: Linearicons;\">clapboard-play<\/div>\n<p>Video<\/p>\n<\/div>\n<div class=\"rqt-grid-container rqt-grid-continer-40\">\n<div class=\"lif-\" style=\"font-family: Linearicons;\">document2<\/div>\n<p>PDF or Word document<\/p>\n<\/div>\n<div class=\"rqt-grid-container rqt-grid-continer-40\">\n<div class=\"lif-\" style=\"font-family: Linearicons;\">calendar-empty<\/div>\n<p>Web page<\/p>\n<\/div>\n<div class=\"rqt-grid-container rqt-grid-continer-40\">\n<div class=\"lif-\" style=\"font-family: Linearicons;\">presentation<\/div>\n<p>Slideshow<\/p>\n<\/div>\n<div class=\"rqt-grid-container rqt-grid-continer-40\">\n<div class=\"lif-\" style=\"font-family: Linearicons;\">list3<\/div>\n<p>List of steps or tasks<\/p>\n<\/div>\n<div class=\"rqt-grid-container rqt-grid-continer-40\">\n<div class=\"lif-\" style=\"font-family: Linearicons;\">clipboard-text<\/div>\n<p>Information sheet<\/p>\n<\/div>\n<div class=\"rqt-grid-container rqt-grid-continer-40\">\n<div class=\"lif-\" style=\"font-family: Linearicons;\">paste<\/div>\n<p>Template<\/p>\n<\/div>\n<div class=\"rqt-grid-container rqt-grid-continer-40\">\n<div class=\"lif-\" style=\"font-family: Linearicons;\">coin-dollar<\/div>\n<p>Remuneration or cost<\/p>\n<\/div>\n<div class=\"rqt-grid-container rqt-grid-continer-40\">\n<div class=\"lif-\" style=\"font-family: Linearicons;\">folder<\/div>\n<p>Folder containing documents<\/p>\n<\/div>\n<div class=\"rqt-grid-container rqt-grid-continer-40\">\n<div class=\"lif-\" style=\"font-family: Linearicons;\">box<\/div>\n<p>Toolbox containing documents<\/p>\n<\/div>\n<div class=\"rqt-grid-container rqt-grid-continer-40\">\n<div class=\"lif-\" style=\"font-family: Linearicons;\">notification-circle<\/div>\n<p>Notice or warning<\/p>\n<\/div>\n<div class=\"rqt-grid-container rqt-grid-continer-40\">\n<div class=\"rqt-icon-yellow lif-\" style=\"font-family: Linearicons;\">warning<\/div>\n<p>Important reminder<\/p>\n<\/div>\n<div class=\"rqt-grid-container rqt-grid-continer-40\">\n<div class=\"rqt-icon-red lif-\" style=\"font-family: Linearicons;\">cross-circle<\/div>\n<p>Error<\/p>\n<\/div>\n<div class=\"rqt-grid-container rqt-grid-continer-40\">\n<div class=\"rqt-icon-green lif-\" style=\"font-family: Linearicons;\">checkmark-circle<\/div>\n<p>Success<\/p>\n<\/div>\n<div class=\"rqt-grid-container rqt-grid-continer-52\">\n<div class=\"rqt-icon-bold rqt-icon-bleu-bg lif-\" style=\"font-family: Linearicons;\">arrow-up<\/div>\n<p>Return to Top<\/p>\n<\/div>\n<\/div>\n<h2>Improving the website<\/h2>\n<p>You can help us improve the accessibility of this site by reporting any difficulties you encounter.<\/p>\n<p>There are two ways to send us your feedback: <\/p>\n<ul>\n<li>Use the &#8220;Your opinion is important to us&#8221; section at the bottom of the relevant page;<\/li>\n<li>Use the <i>Soutien<\/i>RQT web form. <\/li>\n<\/ul>\n<p>[\/et_pb_text][et_pb_code _builder_version=&#8221;4.27.4&#8243; _module_preset=&#8221;default&#8221; hover_enabled=&#8221;0&#8243; global_colors_info=&#8221;{}&#8221; sticky_enabled=&#8221;0&#8243;]<\/p>\n<div class=\"et_pb_button_module_wrapper et_pb_button_0_wrapper et_pb_module\"><!-- [et_pb_line_break_holder] -->\t\t\t\t<a class=\"et_pb_button et_pb_button_0 rqt-button-round rqt-btn-primary-full-thumbnail rqt-button-primary-round rqt-button-text rqt-semi-bold et_pb_bg_layout_light rqt-button-wide rqt-margin-bottom-0\" href=\"https:\/\/soutiensantequebec.c2atom.com\/portal\">ACCESS <i>SOUTIEN<\/i>RQT<\/a><!-- [et_pb_line_break_holder] -->      <\/div>\n<p>[\/et_pb_code][\/et_pb_column][et_pb_column type=&#8221;1_4&#8243; _builder_version=&#8221;4.16&#8243; _module_preset=&#8221;default&#8221; global_colors_info=&#8221;{}&#8221;][\/et_pb_column][\/et_pb_row][\/et_pb_section]<\/p>\n\t\t\t<div class=\"rqt-editorial-date-row rqt-global-text\">\n\t\t\t\t<p class=\"rqt-editorial-date\">Last update: October 3, 2024 <\/p>\n\n\t\t\t<\/div>\t\t\t\t\n\t\t","protected":false},"excerpt":{"rendered":"<p>The R\u00e9seau qu\u00e9b\u00e9cois de la t\u00e9l\u00e9sant\u00e9 is committed to ensuring the accessibility of its website. Work has been done over the past year to meet the Standards sur l\u2019accessibilit\u00e9 des sites Web du gouvernement du Qu\u00e9bec (PDF 142 Ko) (in French only) and more work is underway. Validation tools The R\u00e9seau qu\u00e9b\u00e9cois de la t\u00e9l\u00e9sant\u00e9 [&hellip;]<\/p>\n","protected":false},"author":13,"featured_media":9004111222094441,"parent":0,"menu_order":0,"comment_status":"closed","ping_status":"closed","template":"","meta":{"_acf_changed":false,"_et_pb_use_builder":"on","_et_pb_old_content":"","_et_gb_content_width":"","footnotes":""},"class_list":["post-241140","page","type-page","status-publish","has-post-thumbnail","hentry"],"acf":[],"_links":{"self":[{"href":"https:\/\/test.devcct.ca\/en\/wp-json\/wp\/v2\/pages\/241140","targetHints":{"allow":["GET"]}}],"collection":[{"href":"https:\/\/test.devcct.ca\/en\/wp-json\/wp\/v2\/pages"}],"about":[{"href":"https:\/\/test.devcct.ca\/en\/wp-json\/wp\/v2\/types\/page"}],"author":[{"embeddable":true,"href":"https:\/\/test.devcct.ca\/en\/wp-json\/wp\/v2\/users\/13"}],"replies":[{"embeddable":true,"href":"https:\/\/test.devcct.ca\/en\/wp-json\/wp\/v2\/comments?post=241140"}],"version-history":[{"count":10,"href":"https:\/\/test.devcct.ca\/en\/wp-json\/wp\/v2\/pages\/241140\/revisions"}],"predecessor-version":[{"id":9004111222088130,"href":"https:\/\/test.devcct.ca\/en\/wp-json\/wp\/v2\/pages\/241140\/revisions\/9004111222088130"}],"wp:featuredmedia":[{"embeddable":true,"href":"https:\/\/test.devcct.ca\/en\/wp-json\/wp\/v2\/media\/9004111222094441"}],"wp:attachment":[{"href":"https:\/\/test.devcct.ca\/en\/wp-json\/wp\/v2\/media?parent=241140"}],"curies":[{"name":"wp","href":"https:\/\/api.w.org\/{rel}","templated":true}]}}