{"id":240147,"date":"2022-01-18T20:17:34","date_gmt":"2022-01-18T20:17:34","guid":{"rendered":"https:\/\/dev.devcct.ca\/?page_id=240147"},"modified":"2024-11-15T13:15:20","modified_gmt":"2024-11-15T18:15:20","slug":"opn","status":"publish","type":"page","link":"https:\/\/test.devcct.ca\/en\/patient\/services\/opn\/","title":{"rendered":"Virtual meeting with the OPN"},"content":{"rendered":"<p>[et_pb_section fb_built=&#8221;1&#8243; _builder_version=&#8221;4.16&#8243; _module_preset=&#8221;4339b306-3696-4609-bcd4-3ac31f55133c&#8221; locked=&#8221;off&#8221; global_colors_info=&#8221;{}&#8221;][et_pb_row column_structure=&#8221;2_3,1_3&#8243; _builder_version=&#8221;4.16&#8243; _module_preset=&#8221;20197f48-1e8e-4644-9423-f7edeae40f4e&#8221; locked=&#8221;off&#8221; global_colors_info=&#8221;{}&#8221;][et_pb_column type=&#8221;2_3&#8243; _builder_version=&#8221;4.16&#8243; _module_preset=&#8221;default&#8221; custom_padding=&#8221;||0px||false|false&#8221; custom_padding_last_edited=&#8221;off|desktop&#8221; global_colors_info=&#8221;{}&#8221;][et_pb_text _builder_version=&#8221;4.16&#8243; _module_preset=&#8221;dbb17b3b-deee-4e7d-ad2e-dce4f3f017ac&#8221; global_colors_info=&#8221;{}&#8221;]<\/p>\n<h1><span data-contrast=\"none\" xml:lang=\"EN-CA\" lang=\"EN-CA\" class=\"TextRun SCXW14096500 BCX0\"><span class=\"NormalTextRun SCXW14096500 BCX0\">Virtual meeting with the Oncology nurse<\/span><\/span><\/h1>\n<p>[\/et_pb_text][\/et_pb_column][et_pb_column type=&#8221;1_3&#8243; _builder_version=&#8221;4.16&#8243; _module_preset=&#8221;default&#8221; global_colors_info=&#8221;{}&#8221;][\/et_pb_column][\/et_pb_row][\/et_pb_section][et_pb_section fb_built=&#8221;1&#8243; _builder_version=&#8221;4.16&#8243; _module_preset=&#8221;9e08aaa7-5240-490e-830a-deb1c3d19b46&#8243; custom_margin=&#8221;0px||||false|false&#8221; locked=&#8221;off&#8221; global_colors_info=&#8221;{}&#8221;][et_pb_row column_structure=&#8221;2_3,1_3&#8243; _builder_version=&#8221;4.16&#8243; _module_preset=&#8221;31724688-fcf5-49af-b7b9-ed2872c8590f&#8221; global_colors_info=&#8221;{}&#8221;][et_pb_column type=&#8221;2_3&#8243; _builder_version=&#8221;4.16&#8243; _module_preset=&#8221;default&#8221; global_colors_info=&#8221;{}&#8221;][et_pb_text _builder_version=&#8221;4.27.2&#8243; _module_preset=&#8221;09877fa7-6fd0-49bf-842c-721526d93ff2&#8243; min_height=&#8221;27px&#8221; global_colors_info=&#8221;{}&#8221;]<\/p>\n<p>This page is intended for cancer patients, particularly those followed by an Oncology Pivot Nurse (OPN). To benefit from teleconsultation sessions (virtual meetings) with your OPN, please discuss it with her.<\/p>\n<p>Patients already invited to a teleconsultation with an OPN can consult the page <a href=\"\/en\/patient\/participate-in-a-planned-virtual-meeting\/\">Participate in a teleconsultation as a patient<\/a>\u00a0to prepare for this meeting.<\/p>\n<p>[\/et_pb_text][\/et_pb_column][et_pb_column type=&#8221;1_3&#8243; _builder_version=&#8221;4.16&#8243; _module_preset=&#8221;default&#8221; global_colors_info=&#8221;{}&#8221;][\/et_pb_column][\/et_pb_row][et_pb_row column_structure=&#8221;3_4,1_4&#8243; module_class=&#8221;rqt-vignette-row rqt-vignette-pleine-row&#8221; _builder_version=&#8221;4.27.2&#8243; _module_preset=&#8221;31724688-fcf5-49af-b7b9-ed2872c8590f&#8221; global_colors_info=&#8221;{}&#8221;][et_pb_column type=&#8221;3_4&#8243; _builder_version=&#8221;4.27.2&#8243; _module_preset=&#8221;default&#8221; global_colors_info=&#8221;{}&#8221;][rqtdma_vignette title=&#8221;OPNs in the telehealth era (video in French) &#8221; description=&#8221;<\/p>\n<p>Oncology patients and pivot nurses (OPN) testify to the benefits of teleconsultation.<\/p>\n<p>&#8221; image=&#8221;https:\/\/test.devcct.ca\/wp-content\/uploads\/2024\/11\/teleconsultation-infirmiere-oncologie.webp&#8221; tags=&#8221;Oncology,Teleconsultation,Nursing &#8221; button_text=&#8221;WATCH VIDEO&#8221; button_url=&#8221;https:\/\/vimeo.com\/504504195&#8243; button_lightbox=&#8221;on&#8221; button_design=&#8221;secondary-round-white&#8221; _builder_version=&#8221;4.27.2&#8243; _module_preset=&#8221;default&#8221; hover_enabled=&#8221;0&#8243; global_colors_info=&#8221;{}&#8221; alt=&#8221;A patient and his nurse during a teleconsultation.&#8221; title_text=&#8221;teleconsultation-infirmiere-oncologie&#8221; sticky_enabled=&#8221;0&#8243;][\/rqtdma_vignette][\/et_pb_column][et_pb_column type=&#8221;1_4&#8243; _builder_version=&#8221;4.27.2&#8243; _module_preset=&#8221;default&#8221; global_colors_info=&#8221;{}&#8221;][\/et_pb_column][\/et_pb_row][et_pb_row column_structure=&#8221;2_3,1_3&#8243; _builder_version=&#8221;4.16&#8243; _module_preset=&#8221;31724688-fcf5-49af-b7b9-ed2872c8590f&#8221; global_colors_info=&#8221;{}&#8221;][et_pb_column type=&#8221;2_3&#8243; _builder_version=&#8221;4.16&#8243; _module_preset=&#8221;default&#8221; global_colors_info=&#8221;{}&#8221;][et_pb_text _builder_version=&#8221;4.27.2&#8243; _module_preset=&#8221;09877fa7-6fd0-49bf-842c-721526d93ff2&#8243; min_height=&#8221;27px&#8221; global_colors_info=&#8221;{}&#8221;]<\/p>\n<h2>Description of the service<\/h2>\n<p>The role of the OPN is to assess, inform, support and coordinate. Many of these activities can take place both in person and remotely. The telephone is often used for remote follow-up. It enables patients to contact their nurse on a spontaneous or scheduled basis. Virtual meetings with video (teleconsultation) are another available means of consultation.<\/p>\n<p>The benefits of teleconsultation:<\/p>\n<ul>\n<li>Enables the nurse to better assess the patient&#8217;s condition and provide the necessary explanations and teaching;<\/li>\n<li>Facilitates the participation of caregivers, who can join the meeting from their own homes;<\/li>\n<li>Reduces the inconvenience associated with travel: time, costs and energy required;<\/li>\n<li>Facilitates collaboration with other professionals on the cancer team by enabling them to join the teleconsultation.<\/li>\n<\/ul>\n<h2>Technology used<\/h2>\n<p>The Microsoft Teams application is used for teleconsultation video calls. Access to this application is free for patients. Those invited to a teleconsultation receive a link by e-mail. At the time of the appointment, they log in using a computer or mobile device.<\/p>\n<p>In some institutions, other technological means are available to facilitate teleconsultation. These include the loan of a tablet. This can be offered to patients who do not have computer equipment or Internet access. If you are in this situation, ask your clinic if this is available.<\/p>\n<h2>Technical Support<\/h2>\n<p>For problems with the connection link or to cancel\/change an appointment, contact the clinic or nurse who arranged the teleconsultation.<\/p>\n<p>There is also a provincial support service for patients having a planned teleconsultation with a healthcare professional. Information and contact details for this service are available on the <a href=\"\/en\/patient\/cssns-support\/\">Technical support for patients<\/a>\u00a0page.<\/p>\n<h2>Tools and Documentation<\/h2>\n<p>The following video provides information and testimonials on the benefits of telehealth in follow-up with the OPN:<\/p>\n<p>OPNs in the telehealth era \u2013 A success story (video in French) <a class=\"video_popup\" href=\"https:\/\/vimeo.com\/504504195\" target=\"_blank\" rel=\"noopener\">Les IPO \u00e0 l\u2019\u00e8re de la t\u00e9l\u00e9sant\u00e9 &#8211; t\u00e9moignages de succ\u00e8s (6\u00a0min\u00a015s)<\/a><\/p>\n<p>For step-by-step information on how to prepare for a teleconsultation, please consult the following page:<\/p>\n<p><a href=\"\/en\/patient\/participate-in-a-planned-virtual-meeting\/\">Participate in a teleconsultation as a patient<\/a>[\/et_pb_text][\/et_pb_column][et_pb_column type=&#8221;1_3&#8243; _builder_version=&#8221;4.16&#8243; _module_preset=&#8221;default&#8221; global_colors_info=&#8221;{}&#8221;][\/et_pb_column][\/et_pb_row][et_pb_row column_structure=&#8221;2_3,1_3&#8243; _builder_version=&#8221;4.16&#8243; _module_preset=&#8221;3689141d-79fe-4c88-a053-5a84a70c4141&#8243; locked=&#8221;off&#8221; global_colors_info=&#8221;{}&#8221;][et_pb_column type=&#8221;2_3&#8243; _builder_version=&#8221;4.16&#8243; _module_preset=&#8221;default&#8221; global_colors_info=&#8221;{}&#8221;][et_pb_text module_class=&#8221;rqt-global-text rqt-see-also&#8221; _builder_version=&#8221;4.19.5&#8243; _module_preset=&#8221;707a3623-c68a-4168-a233-8d38885b293f&#8221; max_width=&#8221;100%&#8221; border_width_top=&#8221;0px&#8221; border_width_bottom=&#8221;1px&#8221; global_colors_info=&#8221;{}&#8221;]<\/p>\n<h2>Related<\/h2>\n<ul class=\"rqt-list-link\">\n<li><a href=\"\/en\/patient\/services\/svmv\/oaa\/\"> Monitoring for Oral Anticancer Agents (OAA)<\/a><br \/>\nPage presenting the service offer for home self-management of OAA treatment.<\/li>\n<\/ul>\n<ul class=\"rqt-lip-ul\"><\/ul>\n<p>[\/et_pb_text][\/et_pb_column][et_pb_column type=&#8221;1_3&#8243; _builder_version=&#8221;4.16&#8243; _module_preset=&#8221;default&#8221; global_colors_info=&#8221;{}&#8221;][\/et_pb_column][\/et_pb_row][\/et_pb_section]<\/p>\n\t\t\t<div class=\"rqt-editorial-date-row rqt-global-text\">\n\t\t\t\t<p class=\"rqt-editorial-date\">Last update: November 28, 2024 <\/p>\n\n\t\t\t<\/div>\t\t\t\t\n\t\t","protected":false},"excerpt":{"rendered":"<p>Virtual meeting with the Oncology nurseThis page is intended for cancer patients, particularly those followed by an Oncology Pivot Nurse (OPN). To benefit from teleconsultation sessions (virtual meetings) with your OPN, please discuss it with her. Patients already invited to a teleconsultation with an OPN can consult the page Participate in a teleconsultation as a [&hellip;]<\/p>\n","protected":false},"author":17,"featured_media":0,"parent":239808,"menu_order":0,"comment_status":"closed","ping_status":"closed","template":"","meta":{"_acf_changed":false,"_et_pb_use_builder":"on","_et_pb_old_content":"","_et_gb_content_width":"","footnotes":""},"class_list":["post-240147","page","type-page","status-publish","hentry"],"acf":[],"_links":{"self":[{"href":"https:\/\/test.devcct.ca\/en\/wp-json\/wp\/v2\/pages\/240147","targetHints":{"allow":["GET"]}}],"collection":[{"href":"https:\/\/test.devcct.ca\/en\/wp-json\/wp\/v2\/pages"}],"about":[{"href":"https:\/\/test.devcct.ca\/en\/wp-json\/wp\/v2\/types\/page"}],"author":[{"embeddable":true,"href":"https:\/\/test.devcct.ca\/en\/wp-json\/wp\/v2\/users\/17"}],"replies":[{"embeddable":true,"href":"https:\/\/test.devcct.ca\/en\/wp-json\/wp\/v2\/comments?post=240147"}],"version-history":[{"count":10,"href":"https:\/\/test.devcct.ca\/en\/wp-json\/wp\/v2\/pages\/240147\/revisions"}],"predecessor-version":[{"id":9004111222087541,"href":"https:\/\/test.devcct.ca\/en\/wp-json\/wp\/v2\/pages\/240147\/revisions\/9004111222087541"}],"up":[{"embeddable":true,"href":"https:\/\/test.devcct.ca\/en\/wp-json\/wp\/v2\/pages\/239808"}],"wp:attachment":[{"href":"https:\/\/test.devcct.ca\/en\/wp-json\/wp\/v2\/media?parent=240147"}],"curies":[{"name":"wp","href":"https:\/\/api.w.org\/{rel}","templated":true}]}}